{"id":56,"date":"2019-10-19T11:57:09","date_gmt":"2019-10-19T09:57:09","guid":{"rendered":"http:\/\/www.taracentar.hr\/?page_id=56"},"modified":"2024-01-14T18:31:18","modified_gmt":"2024-01-14T17:31:18","slug":"terapija-glazbom","status":"publish","type":"page","link":"https:\/\/www.taracentar.hr\/?page_id=56","title":{"rendered":"Terapija glazbom"},"content":{"rendered":"<p>Ponekad roditelji u prvim godinama \u017eivota djeteta po\u010dinju sumnjati da s njihovim djetetom \u201ene\u0161to nije kako treba\u201c. Tada krenu obilaziti razli\u010dite stru\u010dnjake kako bi provjerili \u0161to je s djetetom. Uobi\u010dajeno, prvo krenu od pedijatra koji \u0107e im naj\u010de\u0161\u0107e predlo\u017eiti da s djetetom naprave niz medicinskih pretraga, ovisno o anamnezi i simptomima, poput EEG-a, provjere sluha, neurolo\u0161ki pregled\u2026 Kako se prvi znakovi te\u0161ko\u0107a naj\u010de\u0161\u0107e manifestiraju u govorno-jezi\u010dnoj komunikaciji, roditelji \u0107e potra\u017eiti i savjet logopeda, psihologa i sli\u010dnih profila stru\u010dnjaka. Tada krenu i savjeti prijatelja i poznanika te razli\u010ditih grupa potpore na dru\u0161tvenim mre\u017eama. Naj\u010de\u0161\u0107e su savjeti dobronamjerni ali \u010desto nestru\u010dni, \u0161to samo dodatno roditeljima stvara stres. Na kraju roditelji ostanu zbunjeni jer ponekad dobiju sasvim opre\u010dna mi\u0161ljenja a medicinski nalazi u tako ranoj dobi tako\u0111er mogu biti prili\u010dno nepouzdani. U takvoj situaciji roditelji se \u010desto \u201ehvataju za slamku\u201c i spremni su na sve da bi pomogli djetetu.<\/p>\n<p>Na \u017ealost, ponekad od strane roditelja ima i neprihva\u0107anja savjeta ili dijagnoze stru\u010dnjaka jer se ne mogu pomiriti s \u010dinjenicom da se to dogodilo ba\u0161 njihovom djetetu. I ovakve roditeljske reakcije mogu se razumjeti jer se mnogi roditelji pod stresom i zbog zabrinutosti ne mogu suo\u010diti s dijagnozom ili se nadaju da je ona pogre\u0161na. Me\u0111utim, u tom trenutku roditelji, svjesni da problem ipak postoji, lako postaju \u201eklijenti\u201c neprovjerenih terapijskih metoda koje im obe\u0107avaju \u010duda.<\/p>\n<p>U ponudi je veliki broj razli\u010ditih \u201eterapija koje \u0107e sigurno pomo\u0107i\u201c djetetu i roditeljima je te\u0161ko procijeniti \u0161to odabrati. Ogla\u0161iva\u010di na internetu \u010desto promoviraju svoju terapiju kao najbolju, originalnu i garantirano uspje\u0161nu. \u0160to je cijena takve terapije ve\u0107a, svi \u0107e pomisliti da je i terapija bolja. Me\u0111utim, u dana\u0161nje vrijeme sve je postalo tr\u017ei\u0161te &#8211; marketing i \u010desto oni koji su marketin\u0161ki jako uspje\u0161niji ne moraju nu\u017eno biti i najbolji terapeuti (rekao bih da je upravo suprotno). Spretni trgovci znaju dobro prodavati ali ne i stvarati kvalitetu.<\/p>\n<p>Na podru\u010dju terapije glazbom postoji niz metoda ali budite kriti\u010dni i oprezni. Za svoje dijete odaberite onu terapiju koju smatrate najboljom. Najskuplje ne mora nu\u017eno biti najbolje za va\u0161e dijete. Nemojte vjerovati \u0161to na internetu pi\u0161u \u201ezadovoljni\u201c klijenti jer su to \u010desto nepostoje\u0107e osobe a la\u017eni tekst pisan je s ciljem da pridobije nove klijente. Raspitajte se me\u0111u roditeljima koje poznajete. I, na \u017ealost nema 100% uspje\u0161ne metode, ona metoda koja je pomogla jednom djetetu mo\u017eda ne\u0107e pomo\u0107i i va\u0161em. Jer kod djece u razvoju postoji \u0161iroki spektar osobina koje se mogu jako razlikovati od djeteta do djeteta. A krajnji uspjeh bilo koje terapijske metode ovisiti \u0107e naravno i o stupnju te\u0161ko\u0107a koje dijete ima.<\/p>\n<p>Terapija glazbom mo\u017ee se podijeliti u dvije osnovne metode: aktivnu i receptivnu terapiju. Obje metode zastupljene su s velikim brojem razli\u010ditih terapijskih tehnika. Aktivne tehnike uklju\u010duju aktivno sudjelovanje djeteta u sviranju, pjevanju, stvaranju melodije, ritma ili kompozicije bez prethodne pripreme (tehnika improvizacije) dok receptivne tehnike podrazumijevaju \u201dpasivno\u201d slu\u0161anje glazbe.<\/p>\n<p><img decoding=\"async\" loading=\"lazy\" class=\"alignnone size-full wp-image-722\" src=\"http:\/\/www.taracentar.hr\/wp-content\/uploads\/56\/Djecak_sa_slusalicama.jpg\" alt=\"\" width=\"401\" height=\"268\" \/><\/p>\n<p>Svaka od metoda ima svoje prednosti i ograni\u010denja te se uvijek odabire prema sposobnostima djeteta. Aktivne tehnike zahtijevaju odre\u0111ene motori\u010dke i spoznajne sposobnosti djeteta i njihov cilj nije pou\u010davanje i ovladavanje sviranja nekog muzi\u010dkog instrumenta ve\u0107 poticanje komunikacije s terapeutom i okolinom. Receptivne tehnike pogodije su djecu s motori\u010dkim i intelektualnim te\u0161ko\u0107ama kao i za djecu s te\u0161ko\u0107ama percepcije, slu\u0161nog procesiranja, u\u010denja i sli\u010dno. Nadalje, receptivne tehnike omogu\u0107uju kori\u0161tenje glazbe uz razli\u010dite druge aktivnosti (npr. likovno izra\u017eavanje, u\u010denje, pisanje ili igranje). Receptivnoj terapiji nije svrha aktivno slu\u0161anja glazbe, niti glazbena edukacija, niti razvoj glazbenih sposobnosti, ve\u0107 glazba djeluje kao \u201dzvu\u010dna kulisa\u201d koja svojom harmonijom i spektralnom bojom zvuka stimulira sredi\u0161nji \u017eiv\u010dani sustav (mozak) i poma\u017ee u boljem funkcioniranju mo\u017edanih struktura.<\/p>\n","protected":false},"excerpt":{"rendered":"<p>Ponekad roditelji u prvim godinama \u017eivota djeteta po\u010dinju sumnjati da s njihovim djetetom \u201ene\u0161to nije kako treba\u201c. Tada krenu obilaziti razli\u010dite stru\u010dnjake kako bi provjerili \u0161to je s djetetom. Uobi\u010dajeno, prvo krenu od pedijatra koji \u0107e im naj\u010de\u0161\u0107e predlo\u017eiti da s djetetom naprave niz medicinskih pretraga, ovisno o anamnezi i simptomima, poput EEG-a, provjere sluha, [&hellip;]<\/p>\n","protected":false},"author":1,"featured_media":0,"parent":0,"menu_order":0,"comment_status":"closed","ping_status":"closed","template":"","meta":[],"_links":{"self":[{"href":"https:\/\/www.taracentar.hr\/index.php?rest_route=\/wp\/v2\/pages\/56"}],"collection":[{"href":"https:\/\/www.taracentar.hr\/index.php?rest_route=\/wp\/v2\/pages"}],"about":[{"href":"https:\/\/www.taracentar.hr\/index.php?rest_route=\/wp\/v2\/types\/page"}],"author":[{"embeddable":true,"href":"https:\/\/www.taracentar.hr\/index.php?rest_route=\/wp\/v2\/users\/1"}],"replies":[{"embeddable":true,"href":"https:\/\/www.taracentar.hr\/index.php?rest_route=%2Fwp%2Fv2%2Fcomments&post=56"}],"version-history":[{"count":0,"href":"https:\/\/www.taracentar.hr\/index.php?rest_route=\/wp\/v2\/pages\/56\/revisions"}],"wp:attachment":[{"href":"https:\/\/www.taracentar.hr\/index.php?rest_route=%2Fwp%2Fv2%2Fmedia&parent=56"}],"curies":[{"name":"wp","href":"https:\/\/api.w.org\/{rel}","templated":true}]}}