{"id":54,"date":"2019-10-19T11:56:51","date_gmt":"2019-10-19T09:56:51","guid":{"rendered":"http:\/\/www.taracentar.hr\/?page_id=54"},"modified":"2024-01-14T18:43:58","modified_gmt":"2024-01-14T17:43:58","slug":"slusni-trening","status":"publish","type":"page","link":"https:\/\/www.taracentar.hr\/?page_id=54","title":{"rendered":"Slu\u0161ni trening"},"content":{"rendered":"<p>Ovo je \u201epapirnata\u201c verzija na\u0161eg ra\u010dunalnog programa <a href=\"https:\/\/www.taracentar.hr\/?page_id=60\">U\u010dimo slu\u0161ati<\/a>. Namijenjen je roditeljima i djeci koji vi\u0161e preferiraju slikovnicu kao didakti\u010dki materijal a ne ra\u010dunalni program. Ako dijete zbog motori\u010dkih te\u0161ko\u0107a ili distraktibilne pa\u017enje ne mo\u017ee prstom ili mi\u0161em pokazivati slike na zaslonu a\u010dunala, onda \u0107e ova papirnata verzija biti bolja<\/p>\n<p>Sadr\u017ei 96 razli\u010ditih zvukova i isto toliko slika. Zvukovi su svakodnevni, poznati djeci ve\u0107 od tre\u0107e godine starosti i svaki zvuk ima i slikovni prikaz u slikovnici.<br \/>\nKomplet za slu\u0161ni trening sastoji se od audio datoteka koje se isporu\u010duju na memorijskom stiku, slikovnice i listova za odgovore. Pogodan za svu djecu pred\u0161kolskog i ni\u017eeg \u0161kolskog uzrasta te se mo\u017ee koristiti kao oblik edukativne igre ili zabave ali i kao pomagalo u rehabilitaciji. Slu\u0161ni trening osobito je pogodan za djecu koja imaju o\u0161te\u0107enja sluha (kako s klasi\u010dnim slu\u0161nim pomagalom \u2013 tako i s umjetnom pu\u017enicom), te djecu koja imaju lo\u0161 fonematski sluh ili pote\u0161ko\u0107e u slu\u0161noj percepciji. Slu\u0161ni trening tako\u0111er je koristan i za svu djecu s te\u0161ko\u0107ama u razvoju. Komplet sadr\u017ei ukupno 96 razli\u010ditih zvukova s pripadaju\u0107im ilustracijama u slikovnici. Zvukovi su kvalitetno snimljeni i djeci prepoznatljivi (zvukovi glasanja \u017eivotinja, prometnih vozila, glazbenih instrumenata, zvukovi u prirodi, stanu, na ulici i sl.). Svaki zvuk traje otprilike 10 sekundi. Zadatak je djeteta da prepozna zvuk i poka\u017ee sliku koja se odnosi na taj zvuk. Zvukovi se mogu reproducirati na bilo kojem ra\u010dunalu, tabletu ili MP3 playeru. Zvukovi nisu poredani prema redoslijedu slika u slikovnici, ve\u0107 je njihov raspored na\u010dinjen po slu\u010dajnom izboru. Time je izbjegnuta mogu\u0107nost da dijete \u201dpoga\u0111a\u201d to\u010dne odgovore ako jednostavno prati redoslijed slika. Svaki terapeut ili roditelj mo\u017ee unijeti u ovaj slu\u0161ni trening i dodatnu kreativnost (npr. svaki zvuk mo\u017ee biti poticaj da se o njemu ispri\u010da neka pri\u010da, postavi pitanje i sl.).<\/p>\n<p><img decoding=\"async\" loading=\"lazy\" class=\"alignnone size-full wp-image-219\" src=\"http:\/\/www.taracentar.hr\/wp-content\/uploads\/54\/Slusni_trening_-_slikovnica_1.jpg\" alt=\"\" width=\"282\" height=\"400\" \/> <img decoding=\"async\" loading=\"lazy\" class=\"alignnone size-full wp-image-220\" src=\"http:\/\/www.taracentar.hr\/wp-content\/uploads\/54\/Slusni_trening_-_slikovnica_2.jpg\" alt=\"\" width=\"283\" height=\"400\" \/><\/p>\n<p>Ako \u017eelite vi\u0161e informacija ili nabaviti logopedski set \u2013 <a href=\"http:\/\/www.taracentar.hr\/?page_id=16\">kontaktirajte nas<\/a>!<\/p>\n","protected":false},"excerpt":{"rendered":"<p>Ovo je \u201epapirnata\u201c verzija na\u0161eg ra\u010dunalnog programa U\u010dimo slu\u0161ati. Namijenjen je roditeljima i djeci koji vi\u0161e preferiraju slikovnicu kao didakti\u010dki materijal a ne ra\u010dunalni program. Ako dijete zbog motori\u010dkih te\u0161ko\u0107a ili distraktibilne pa\u017enje ne mo\u017ee prstom ili mi\u0161em pokazivati slike na zaslonu a\u010dunala, onda \u0107e ova papirnata verzija biti bolja Sadr\u017ei 96 razli\u010ditih zvukova i [&hellip;]<\/p>\n","protected":false},"author":1,"featured_media":0,"parent":50,"menu_order":0,"comment_status":"closed","ping_status":"closed","template":"","meta":[],"_links":{"self":[{"href":"https:\/\/www.taracentar.hr\/index.php?rest_route=\/wp\/v2\/pages\/54"}],"collection":[{"href":"https:\/\/www.taracentar.hr\/index.php?rest_route=\/wp\/v2\/pages"}],"about":[{"href":"https:\/\/www.taracentar.hr\/index.php?rest_route=\/wp\/v2\/types\/page"}],"author":[{"embeddable":true,"href":"https:\/\/www.taracentar.hr\/index.php?rest_route=\/wp\/v2\/users\/1"}],"replies":[{"embeddable":true,"href":"https:\/\/www.taracentar.hr\/index.php?rest_route=%2Fwp%2Fv2%2Fcomments&post=54"}],"version-history":[{"count":0,"href":"https:\/\/www.taracentar.hr\/index.php?rest_route=\/wp\/v2\/pages\/54\/revisions"}],"up":[{"embeddable":true,"href":"https:\/\/www.taracentar.hr\/index.php?rest_route=\/wp\/v2\/pages\/50"}],"wp:attachment":[{"href":"https:\/\/www.taracentar.hr\/index.php?rest_route=%2Fwp%2Fv2%2Fmedia&parent=54"}],"curies":[{"name":"wp","href":"https:\/\/api.w.org\/{rel}","templated":true}]}}