{"id":48,"date":"2019-10-19T11:55:53","date_gmt":"2019-10-19T09:55:53","guid":{"rendered":"http:\/\/www.taracentar.hr\/?page_id=48"},"modified":"2024-01-08T17:26:22","modified_gmt":"2024-01-08T16:26:22","slug":"sit-slusni-integracijski-trening","status":"publish","type":"page","link":"https:\/\/www.taracentar.hr\/?page_id=48","title":{"rendered":"SIT-slu\u0161ni integracijski trening"},"content":{"rendered":"<p>Slu\u0161ni integracijski trening (SIT) koristiti se od 2006. godine i prva je cjelovita receptivna terapija glazbom u Hrvatskoj. SIT je koristan svoj djeci s pote\u0161ko\u0107ama kao \u0161to je autizam, mentalna retardacija, o\u0161te\u0107enja sluha, ADD\/ADHD, disleksija, pote\u0161ko\u0107e u\u010denja i sli\u010dno. Me\u0111utim, SIT je koristan i svoj ostaloj djeci i odraslim osobama bez obzira da li imaju neke pote\u0161ko\u0107e, zdravstvene probleme ili bolesti, probleme u emocionalno-socijalnoj sferi ili jednostavno \u017eele koristiti SIT za pobolj\u0161anje svoga op\u0107eg zdravlja i zadovoljstva.<\/p>\n<p>SIT mogu koristiti roditelji djece s te\u0161ko\u0107ama u razvoju (dobiva se detaljan priru\u010dnik s uputama).<\/p>\n<p>SIT koriste i stru\u010dnjaci \u2013 profesionalni terapeuti (logoped, rehabilitator, psiholog, pedagog, odgojitelj).<\/p>\n<p>SIT nije isto \u0161to i glazbeni odgoj i njegov primarni cilj nije podizanje glazbene kulture ili edukacija iz poznavanja klasi\u010dne ili popularne glazbe. Korisnik SIT-a ne mora poznavati glazbeni opus Mozarta ili nekog drugog kompozitora da bi koristio ovu vrstu terapije. Bez obzira da li netko voli ili ne voli, razumije ili ne razumije, slu\u0161a ili ne slu\u0161a klasi\u010dnu ili pop glazbu, u\u010dinak slu\u0161nog treninga biti \u0107e pozitivan. Jednostavno, treba se samo prepustiti zvuku, bez napora, a rezultati \u0107e do\u0107i sami. SIT ne tra\u017ei aktivno slu\u0161anje glazbe a za vrijeme slu\u0161nog treninga mo\u017ee se obavljati bilo koji tihi posao kao npr. crtati, \u010ditati, rje\u0161avati kri\u017ealjke, sastavljati slagalice, rje\u0161avati matemati\u010dke zadatke, igrati se ili jednostavno odmarati.<\/p>\n<p>Glazba koja se koristi u slu\u0161nom integracijskom treningu pa\u017eljivo je odabrana i zvu\u010dno (akusti\u010dki) dodatno obra\u0111ena i modificirana, te vi\u0161e nije identi\u010dna s originalnim glazbenim djelom. Stoga se ona isklju\u010divo mo\u017ee koristiti u terapijske svrhe, a ne kao glazbeni materijal za javno reproduciranje.<\/p>\n<p>Do sada je o uspje\u0161nosti terapije napisano, prezentirano ili objavljeno najmanje desetak znanstveno-istra\u017eiva\u010dkih radova koji su evaluirali uspje\u0161nost terapije. Rezultati provedenih istra\u017eivanja pokazali su da SIT zaista poma\u017ee u razvoju razli\u010ditih sposobnosti djece. Navodimo neke od pozitivnih u\u010dinaka primjene SIT-a:<\/p>\n<ul>\n<li>bolja socijalizacija,<\/li>\n<li>dobivene su primjerenije emocionalne reakcije,<\/li>\n<li>pobolj\u0161ane su kognitivne i perceptivne sposobnosti,<\/li>\n<li>pobolj\u0161ana pa\u017enja i interes,<\/li>\n<li>pobolj\u0161an glazbeni sluh i slu\u0161no procesiranje,<\/li>\n<li>pobolj\u0161ana motori\u010dka spretnost,<\/li>\n<li>bolja lateralizacija,<\/li>\n<li>bolje komunikacijske sposobnosti, jezi\u010dne sposobnosti, govor i \u010ditanje,<\/li>\n<li>bolje matemati\u010dke sposobnosti,<\/li>\n<li>pobolj\u0161ana briga o sebi.<\/li>\n<\/ul>\n<p>Pozitivni efekti utvr\u0111eni su kod djece s:<\/p>\n<ul>\n<li>pervazivnim razvojnim poreme\u0107ajima \/ poreme\u0107aji iz spektra autizma (PSA),<\/li>\n<li>neurorazvojnim te\u0161ko\u0107ama (cerebralna paraliza),<\/li>\n<li>mentalnom retardacijom,<\/li>\n<li>Down sindromom,<\/li>\n<li>ADHD-om,<\/li>\n<li>te\u0161ko\u0107ama u\u010denja,<\/li>\n<li>disleksijom,<\/li>\n<li>kod u\u010denika redovne \u0161kole koji se \u0161koluju po prilago\u0111enom programu,<\/li>\n<li>kod u\u010denika redovne \u0161kole koji nemaju nikakvih te\u0161ko\u0107a.<\/li>\n<\/ul>\n<p>Korisnici koji posjeduju licencu za kori\u0161tenje materijala za Slu\u0161ni integracijski trening, datoteke mogu preuzeti na <a href=\"http:\/\/www.taracentar.hr\/?page_id=503\">poveznici<\/a>.<\/p>\n","protected":false},"excerpt":{"rendered":"<p>Slu\u0161ni integracijski trening (SIT) koristiti se od 2006. godine i prva je cjelovita receptivna terapija glazbom u Hrvatskoj. SIT je koristan svoj djeci s pote\u0161ko\u0107ama kao \u0161to je autizam, mentalna retardacija, o\u0161te\u0107enja sluha, ADD\/ADHD, disleksija, pote\u0161ko\u0107e u\u010denja i sli\u010dno. Me\u0111utim, SIT je koristan i svoj ostaloj djeci i odraslim osobama bez obzira da li imaju [&hellip;]<\/p>\n","protected":false},"author":1,"featured_media":0,"parent":56,"menu_order":0,"comment_status":"closed","ping_status":"closed","template":"","meta":[],"_links":{"self":[{"href":"https:\/\/www.taracentar.hr\/index.php?rest_route=\/wp\/v2\/pages\/48"}],"collection":[{"href":"https:\/\/www.taracentar.hr\/index.php?rest_route=\/wp\/v2\/pages"}],"about":[{"href":"https:\/\/www.taracentar.hr\/index.php?rest_route=\/wp\/v2\/types\/page"}],"author":[{"embeddable":true,"href":"https:\/\/www.taracentar.hr\/index.php?rest_route=\/wp\/v2\/users\/1"}],"replies":[{"embeddable":true,"href":"https:\/\/www.taracentar.hr\/index.php?rest_route=%2Fwp%2Fv2%2Fcomments&post=48"}],"version-history":[{"count":0,"href":"https:\/\/www.taracentar.hr\/index.php?rest_route=\/wp\/v2\/pages\/48\/revisions"}],"up":[{"embeddable":true,"href":"https:\/\/www.taracentar.hr\/index.php?rest_route=\/wp\/v2\/pages\/56"}],"wp:attachment":[{"href":"https:\/\/www.taracentar.hr\/index.php?rest_route=%2Fwp%2Fv2%2Fmedia&parent=48"}],"curies":[{"name":"wp","href":"https:\/\/api.w.org\/{rel}","templated":true}]}}