{"id":40,"date":"2019-10-19T11:54:43","date_gmt":"2019-10-19T09:54:43","guid":{"rendered":"http:\/\/www.taracentar.hr\/?page_id=40"},"modified":"2024-01-05T12:50:45","modified_gmt":"2024-01-05T11:50:45","slug":"reference","status":"publish","type":"page","link":"https:\/\/www.taracentar.hr\/?page_id=40","title":{"rendered":"Reference"},"content":{"rendered":"<p>Tijekom proteklih dvadeset godina opremili smo zna\u010dajan broj korisnika u Hrvatskoj i u gotovo svim zemljama okru\u017eenja (Austrija, Bosna i Hercegovina, Crna Gora, Gr\u010dka,\u00a0 Ma\u0111arska, Sjeverna Makedonija, Slovenija i Srbija). Digitalni logopedski set, na\u0161 najpoznatiji i autorski za\u0161ti\u0107en proizvod koristi oko 400 institucija i logopeda u privatnoj praksi.<\/p>\n<p>Digitalni logopedski set koristi:<\/p>\n<ul>\n<li>55 zdravstvenih ustanova,<\/li>\n<li>85 pred\u0161kolskih ustanova,<\/li>\n<li>61 osnovna \u0161kola,<\/li>\n<li>58 udruga,<\/li>\n<li>48 centara za odgoj i obrazovanje,<\/li>\n<li>48 privatnih logopedskih kabineta,<\/li>\n<li>18 poliklinika, zavoda i centara za sluh i govor.<\/li>\n<\/ul>\n<p>Pogledajte adresar korisnika.<\/p>\n","protected":false},"excerpt":{"rendered":"<p>Tijekom proteklih dvadeset godina opremili smo zna\u010dajan broj korisnika u Hrvatskoj i u gotovo svim zemljama okru\u017eenja (Austrija, Bosna i Hercegovina, Crna Gora, Gr\u010dka,\u00a0 Ma\u0111arska, Sjeverna Makedonija, Slovenija i Srbija). Digitalni logopedski set, na\u0161 najpoznatiji i autorski za\u0161ti\u0107en proizvod koristi oko 400 institucija i logopeda u privatnoj praksi. Digitalni logopedski set koristi: 55 zdravstvenih ustanova, [&hellip;]<\/p>\n","protected":false},"author":1,"featured_media":0,"parent":34,"menu_order":0,"comment_status":"closed","ping_status":"closed","template":"","meta":[],"_links":{"self":[{"href":"https:\/\/www.taracentar.hr\/index.php?rest_route=\/wp\/v2\/pages\/40"}],"collection":[{"href":"https:\/\/www.taracentar.hr\/index.php?rest_route=\/wp\/v2\/pages"}],"about":[{"href":"https:\/\/www.taracentar.hr\/index.php?rest_route=\/wp\/v2\/types\/page"}],"author":[{"embeddable":true,"href":"https:\/\/www.taracentar.hr\/index.php?rest_route=\/wp\/v2\/users\/1"}],"replies":[{"embeddable":true,"href":"https:\/\/www.taracentar.hr\/index.php?rest_route=%2Fwp%2Fv2%2Fcomments&post=40"}],"version-history":[{"count":0,"href":"https:\/\/www.taracentar.hr\/index.php?rest_route=\/wp\/v2\/pages\/40\/revisions"}],"up":[{"embeddable":true,"href":"https:\/\/www.taracentar.hr\/index.php?rest_route=\/wp\/v2\/pages\/34"}],"wp:attachment":[{"href":"https:\/\/www.taracentar.hr\/index.php?rest_route=%2Fwp%2Fv2%2Fmedia&parent=40"}],"curies":[{"name":"wp","href":"https:\/\/api.w.org\/{rel}","templated":true}]}}