{"id":38,"date":"2019-10-19T11:54:28","date_gmt":"2019-10-19T09:54:28","guid":{"rendered":"http:\/\/www.taracentar.hr\/?page_id=38"},"modified":"2024-01-25T17:11:49","modified_gmt":"2024-01-25T16:11:49","slug":"mladen-hedjever","status":"publish","type":"page","link":"https:\/\/www.taracentar.hr\/?page_id=38","title":{"rendered":"Mladen Hedjever"},"content":{"rendered":"<p>Na ovim poveznicama mo\u017ee se pretra\u017eiti akademska literatura u kojoj se citira Mladen Hedjever.<\/p>\n<p><strong><a href=\"http:\/\/scholar.google.hr\/scholar?hl=hr&amp;q=he%C4%91ever&amp;btnG=Tra%C5%BEi&amp;as_ylo=&amp;as_vis=0\">Na Google &#8211; znancu<\/a> <\/strong><\/p>\n<p><strong><a href=\"http:\/\/bib.irb.hr\/lista-radova?autor=1802\">Hrvatska znanstvena bibliografija: Mladen He\u0111ever<\/a><\/strong><\/p>\n<p>Od 2013. godine u statusu redovitog profesora u trajnom zvanju na Sveu\u010dili\u0161tu u Zagrebu.<\/p>\n<p><a href=\"https:\/\/hrcak.srce.hr\/pretraga?q=he%C4%91ever\"><strong>na Portalu hrvatskih znanstvenih i stru\u010dnih \u010dasopisa<\/strong><\/a><\/p>\n<p><img decoding=\"async\" loading=\"lazy\" class=\"alignnone size-full wp-image-673\" src=\"http:\/\/www.taracentar.hr\/wp-content\/uploads\/38\/UNIZG_Medalja.jpg\" alt=\"\" width=\"800\" height=\"710\" srcset=\"https:\/\/www.taracentar.hr\/wp-content\/uploads\/38\/UNIZG_Medalja.jpg 800w, https:\/\/www.taracentar.hr\/wp-content\/uploads\/38\/UNIZG_Medalja-768x682.jpg 768w, https:\/\/www.taracentar.hr\/wp-content\/uploads\/38\/UNIZG_Medalja-624x554.jpg 624w\" sizes=\"(max-width: 800px) 100vw, 800px\" \/><\/p>\n","protected":false},"excerpt":{"rendered":"<p>Na ovim poveznicama mo\u017ee se pretra\u017eiti akademska literatura u kojoj se citira Mladen Hedjever. Na Google &#8211; znancu Hrvatska znanstvena bibliografija: Mladen He\u0111ever Od 2013. godine u statusu redovitog profesora u trajnom zvanju na Sveu\u010dili\u0161tu u Zagrebu. na Portalu hrvatskih znanstvenih i stru\u010dnih \u010dasopisa<\/p>\n","protected":false},"author":1,"featured_media":0,"parent":34,"menu_order":0,"comment_status":"closed","ping_status":"closed","template":"","meta":[],"_links":{"self":[{"href":"https:\/\/www.taracentar.hr\/index.php?rest_route=\/wp\/v2\/pages\/38"}],"collection":[{"href":"https:\/\/www.taracentar.hr\/index.php?rest_route=\/wp\/v2\/pages"}],"about":[{"href":"https:\/\/www.taracentar.hr\/index.php?rest_route=\/wp\/v2\/types\/page"}],"author":[{"embeddable":true,"href":"https:\/\/www.taracentar.hr\/index.php?rest_route=\/wp\/v2\/users\/1"}],"replies":[{"embeddable":true,"href":"https:\/\/www.taracentar.hr\/index.php?rest_route=%2Fwp%2Fv2%2Fcomments&post=38"}],"version-history":[{"count":0,"href":"https:\/\/www.taracentar.hr\/index.php?rest_route=\/wp\/v2\/pages\/38\/revisions"}],"up":[{"embeddable":true,"href":"https:\/\/www.taracentar.hr\/index.php?rest_route=\/wp\/v2\/pages\/34"}],"wp:attachment":[{"href":"https:\/\/www.taracentar.hr\/index.php?rest_route=%2Fwp%2Fv2%2Fmedia&parent=38"}],"curies":[{"name":"wp","href":"https:\/\/api.w.org\/{rel}","templated":true}]}}