{"id":34,"date":"2019-10-19T11:53:48","date_gmt":"2019-10-19T09:53:48","guid":{"rendered":"http:\/\/www.taracentar.hr\/?page_id=34"},"modified":"2024-01-05T12:49:28","modified_gmt":"2024-01-05T11:49:28","slug":"o-nama","status":"publish","type":"page","link":"https:\/\/www.taracentar.hr\/?page_id=34","title":{"rendered":"O nama"},"content":{"rendered":"<p>Tara centar d.o.o. uspje\u0161no posluje od 2003. godine. Tijekom dvadeset godina rada postali smo poznati u Hrvatskoj i \u0161iroj regiji svim stru\u010dnjacima koji se bave s djecom ili odraslim osobama s te\u0161ko\u0107ama govorno-jezi\u010dne komunikacije (logopedima, foneti\u010darima rehabilitatorima, edukacijskim rehabilitatorima te drugima). Na\u0161a je djelatnost usmjerena na prodaju i proizvodnju opreme i pomagala koja koriste navedeni profili stru\u010dnjaka ili njihovi klijenti (osobe s te\u0161ko\u0107ama govora i slu\u0161anja te sve druge osobe s te\u0161ko\u0107ama govorno-jezi\u010dne komunikacije). Na\u0161u opremu koristi vi\u0161e od 400 razli\u010ditih institucija i logopeda iz privatne prakse u Austriji, Bosni i Hercegovini, Crnoj Gori, Hrvatskoj, Makedoniji, Sloveniji i Srbiji (pogledati\u00a0reference). Me\u0111u korisnicima su i najpoznatije poliklinike, zavodi, centri za rehabilitaciju i klini\u010dki bolni\u010dki centri.<\/p>\n<p>Tijekom proteklih godina opremili smo zna\u010dajan broj institucija u Hrvatskoj i u gotovo svim zemljama okru\u017eenja. Digitalni logopedski set, na\u0161 je najpoznatiji ure\u0111aj autora Mladen Hedjevera.<\/p>\n<p>Uz svu opremu prema potrebi je osigurana edukacija i tehni\u010dka podr\u0161ka koju provode iskusni stru\u010dnjaci.<\/p>\n<p><a href=\"http:\/\/www.taracentar.hr\/?page_id=38\">prof. dr. sc. Mladen Hedjever<\/a><\/p>\n<p><img decoding=\"async\" loading=\"lazy\" class=\"alignnone size-full wp-image-120\" src=\"http:\/\/www.taracentar.hr\/wp-content\/uploads\/34\/Mladen_Hedjever.jpg\" alt=\"\" width=\"150\" height=\"198\" \/><\/p>\n<p><strong>PODACI O TVRTKI<\/strong><\/p>\n<p>NAZIV: TARA CENTAR d.o.o.<br \/>\nSJEDI\u0160TE: \u010cre\u0161njevac 49, 10000 Zagreb<br \/>\nOIB: 72638248091<br \/>\nMB: 01705628<br \/>\nVAT\/EORI (PDV ID) broj: HR72638248091<br \/>\nTvrtka je upisana kod Trgova\u010dkog suda u Zagrebu<br \/>\nTemeljni kapital: 20.000,00 kn upla\u0107en u cijelosti<\/p>\n<p>IBAN: HR5524840081101594797<br \/>\nSWIFT: RZBHHR2X<br \/>\nbanka: Raiffeisenbank Austria d.d., Zagreb<\/p>\n<p>direktorica: Miljenka Hedjever<br \/>\nKontakt:<br \/>\ntel.: +385\/1\/2301546<br \/>\nmob.: +385\/91\/7812756<br \/>\ne-mail: <a href=\"mailto:tara.logopedija@gmail.com\">tara.logopedija@gmail.com<\/a>\u00a0 ili <a href=\"mailto:mladen.hedjever@gmail.com\">mladen.hedjever@gmail.com<\/a><\/p>\n","protected":false},"excerpt":{"rendered":"<p>Tara centar d.o.o. uspje\u0161no posluje od 2003. godine. Tijekom dvadeset godina rada postali smo poznati u Hrvatskoj i \u0161iroj regiji svim stru\u010dnjacima koji se bave s djecom ili odraslim osobama s te\u0161ko\u0107ama govorno-jezi\u010dne komunikacije (logopedima, foneti\u010darima rehabilitatorima, edukacijskim rehabilitatorima te drugima). Na\u0161a je djelatnost usmjerena na prodaju i proizvodnju opreme i pomagala koja koriste navedeni [&hellip;]<\/p>\n","protected":false},"author":1,"featured_media":0,"parent":0,"menu_order":0,"comment_status":"closed","ping_status":"closed","template":"","meta":[],"_links":{"self":[{"href":"https:\/\/www.taracentar.hr\/index.php?rest_route=\/wp\/v2\/pages\/34"}],"collection":[{"href":"https:\/\/www.taracentar.hr\/index.php?rest_route=\/wp\/v2\/pages"}],"about":[{"href":"https:\/\/www.taracentar.hr\/index.php?rest_route=\/wp\/v2\/types\/page"}],"author":[{"embeddable":true,"href":"https:\/\/www.taracentar.hr\/index.php?rest_route=\/wp\/v2\/users\/1"}],"replies":[{"embeddable":true,"href":"https:\/\/www.taracentar.hr\/index.php?rest_route=%2Fwp%2Fv2%2Fcomments&post=34"}],"version-history":[{"count":0,"href":"https:\/\/www.taracentar.hr\/index.php?rest_route=\/wp\/v2\/pages\/34\/revisions"}],"wp:attachment":[{"href":"https:\/\/www.taracentar.hr\/index.php?rest_route=%2Fwp%2Fv2%2Fmedia&parent=34"}],"curies":[{"name":"wp","href":"https:\/\/api.w.org\/{rel}","templated":true}]}}