{"id":32,"date":"2019-10-19T11:53:36","date_gmt":"2019-10-19T09:53:36","guid":{"rendered":"http:\/\/www.taracentar.hr\/?page_id=32"},"modified":"2024-01-15T11:42:55","modified_gmt":"2024-01-15T10:42:55","slug":"nacin-primjene","status":"publish","type":"page","link":"https:\/\/www.taracentar.hr\/?page_id=32","title":{"rendered":"Na\u010din primjene"},"content":{"rendered":"<p>SIT (slu\u0161ni integracijski trening) ukupno sadr\u017ei\u00a0 10 sati glazbe koja je raspore\u0111ena u 20 pojedina\u010dnih glazbenih zapisa (datoteka u MP3 formatu). Jedan glazbeni zapis traje pribli\u017eno 30 minuta a sastoji se od posebno ure\u0111ene i akusti\u010dki modificirane glazbe. Glazba je instrumentalna i u svakom pripremljenom audio zapisu izmjenjuje se klasi\u010dna, ambijentalna i popularna glazba.\u00a0 MP3 datoteke mogu se reproducirati na bilo kojem ra\u010dunalu,\u00a0 laptopu, tabletu, mobitelu ili MP3\/4 playeru za reprodukciju audio ili video datoteka.\u00a0 Glazba se mo\u017ee reproducirati preko zvu\u010dnika na samom ure\u0111aju sa kojega se reproducira (na primjer zvu\u010dnici u ra\u010dunalu) ali ako postoji mogu\u0107nost bolje je koristiti dodatne zasebne multimedijske zvu\u010dnike ili slu\u0161alice (ako ih dijete prihva\u0107a).<\/p>\n<p>Glazba se slu\u0161a tijekom 4 tjedna,\u00a0 svaki dan od ponedjeljka do petka (subota i nedjelja se preska\u010du). Po\u017eeljno je svaki dan organizirati slu\u0161anje u dva termina od po 30 minuta (isti dan ponavlja se reprodukcija iste glazbene snimka namijenjene za taj dan. Sve glazbene datoteke jednostavno su poslo\u017eene tako da se zna \u0161to se slu\u0161a pojedinog dana\u00a0 tijekom 4 tjedna.\u00a0 Nakon prvog ciklusa slu\u0161anja trebalo bi ponoviti od po\u010detka cijeli ciklus i narednih mjesec dana (ukupno je to dva mjeseca terapije). Nakon ovoga dvomjese\u010dnog perioda kod ve\u0107ine djece uo\u010dava se vidljivi napredak.<\/p>\n<p>\u0160to je slu\u0161anje intenzivnije i u\u010destalije, rezultati \u0107e biti bolji. Ako roditelji imaju mogu\u0107nost mogu istu glazbu slu\u0161ati i 3 pute u istom danu. Nakon perioda od dva mjeseca, ukoliko roditelji \u017eele, mogu nastaviti ponavljati ciklus slu\u0161anja od po\u010detka, bez ograni\u010denja.<\/p>\n<p>Tijekom slu\u0161anja dijete ne mora stvarno biti fokusirano na glazbu, mo\u017ee se tiho igrati, crtati ili jednostavno odmarati (mo\u017ee i zaspati). Glazba neka bude ugodne glasno\u0107e i tijekom glazbe treba izbjegavati druge ometaju\u0107e zvukove (glasan TV, razgovor telefonom i sl.).<\/p>\n<p>Preferira se preuzimanje cijelog SIT kompleta preko interneta (jeftinije je) a komplet sadr\u017ei:<\/p>\n<ul>\n<li>audio datoteke za slu\u0161anje,<\/li>\n<li>priru\u010dnik s detaljnim uputama,<\/li>\n<li>evaluacijski upitnici za procjenu napretka u terapiji.<\/li>\n<\/ul>\n<p>Postoje i druge mogu\u0107nosti isporuke:<\/p>\n<ul>\n<li>da se cijeli materijal isporu\u010di na USB memorijskom stiku,<\/li>\n<li>ili na MP3 playeru s dodatnim slu\u0161alicama.<\/li>\n<\/ul>\n<p>Profesionalni korisnici nakon ispunjenog upitnika o poznavanju SIT-a dobivaju tiskanu potvrdu . certifikat da su osposobljeni za provo\u0111enje SIT-a.<\/p>\n<p>Roditeljima za osobnu uporabu nije potreban certifikat a upute u priru\u010dniku su jednostavne i razumljive.<\/p>\n<h2>\u010cesto postavljana pitanja<\/h2>\n<p>\u010cesto postaljana pitanja kao i odgovore mo\u017eete prona\u0107i na <a href=\"https:\/\/www.taracentar.hr\/?page_id=241\">poveznici<\/a>.<\/p>\n","protected":false},"excerpt":{"rendered":"<p>SIT (slu\u0161ni integracijski trening) ukupno sadr\u017ei\u00a0 10 sati glazbe koja je raspore\u0111ena u 20 pojedina\u010dnih glazbenih zapisa (datoteka u MP3 formatu). Jedan glazbeni zapis traje pribli\u017eno 30 minuta a sastoji se od posebno ure\u0111ene i akusti\u010dki modificirane glazbe. Glazba je instrumentalna i u svakom pripremljenom audio zapisu izmjenjuje se klasi\u010dna, ambijentalna i popularna glazba.\u00a0 MP3 [&hellip;]<\/p>\n","protected":false},"author":1,"featured_media":0,"parent":56,"menu_order":0,"comment_status":"closed","ping_status":"closed","template":"","meta":[],"_links":{"self":[{"href":"https:\/\/www.taracentar.hr\/index.php?rest_route=\/wp\/v2\/pages\/32"}],"collection":[{"href":"https:\/\/www.taracentar.hr\/index.php?rest_route=\/wp\/v2\/pages"}],"about":[{"href":"https:\/\/www.taracentar.hr\/index.php?rest_route=\/wp\/v2\/types\/page"}],"author":[{"embeddable":true,"href":"https:\/\/www.taracentar.hr\/index.php?rest_route=\/wp\/v2\/users\/1"}],"replies":[{"embeddable":true,"href":"https:\/\/www.taracentar.hr\/index.php?rest_route=%2Fwp%2Fv2%2Fcomments&post=32"}],"version-history":[{"count":0,"href":"https:\/\/www.taracentar.hr\/index.php?rest_route=\/wp\/v2\/pages\/32\/revisions"}],"up":[{"embeddable":true,"href":"https:\/\/www.taracentar.hr\/index.php?rest_route=\/wp\/v2\/pages\/56"}],"wp:attachment":[{"href":"https:\/\/www.taracentar.hr\/index.php?rest_route=%2Fwp%2Fv2%2Fmedia&parent=32"}],"curies":[{"name":"wp","href":"https:\/\/api.w.org\/{rel}","templated":true}]}}