{"id":16,"date":"2019-10-19T11:50:07","date_gmt":"2019-10-19T09:50:07","guid":{"rendered":"http:\/\/www.taracentar.hr\/?page_id=16"},"modified":"2025-02-13T16:38:39","modified_gmt":"2025-02-13T15:38:39","slug":"kontakti","status":"publish","type":"page","link":"https:\/\/www.taracentar.hr\/?page_id=16","title":{"rendered":"Kontakti"},"content":{"rendered":"<p>ADRESA:<\/p>\n<p style=\"padding-left: 30px;\">TARA CENTAR d.o.o.<br \/>\n<span style=\"font-size: 1rem;\">\u010cre\u0161njevec 49, 10000 Zagreb<\/span><\/p>\n<p style=\"padding-left: 30px;\">telefon: ++385\/1\/2301546<br \/>\nmobitel (Mladen Hedjever): 091\/7812756<\/p>\n<p>preferiramo kontakte putem e-maila;<\/p>\n<p style=\"padding-left: 30px;\"><a href=\"info@taracentar.hr\">info@taracentar.hr<\/a><br \/>\n<a href=\"mailto:tara.logopedija@gmail.com\">tara.logopedija@gmail.com<\/a><br \/>\n<a href=\"mailto:mladen.hedjever@gmail.com\">mladen.hedjever@gmail.com<\/a><\/p>\n<p>mo\u017eete nas kontaktirati i telefonom: radnim danom 8,30 &#8211; 15,00<\/p>\n<p>Ukoliko nas ne mo\u017eete dobiti na telefon, nazovite na mobitel. Ako nismo u mogu\u0107nosti javiti se na Va\u0161 poziv, u\u010dinit \u0107emo to \u0161to je prije mogu\u0107e i kontaktirati Vas na broj sa kojega ste zvali.<\/p>\n<p>Napominjemo da Tara centar d.o.o. nema maloprodajnu trgovinu. Sve uplate po narud\u017ebama idu virmanskim pla\u0107anjem preko banke ili po\u0161te a isporuka robe vr\u0161i se po\u0161tom, dostavom ili osobnim preuzimanjem (naj\u010de\u0161\u0107e prilikom edukacije).<\/p>\n<p>KONTAKT ZA SERVIS:<br \/>\nCentar Scena d.o.o.<br \/>\n<a href=\"https:\/\/www.google.com\/maps\/search\/Avenija+Ve%C4%87eslava+Holjevca+36,+Zagreb?entry=gmail&amp;source=g\">Avenija Ve\u0107eslava Holjevca 36, Zagreb<\/a><br \/>\nOIB: 13340748444<br \/>\nZoran Ernoi\u0107, mag.ing.el.techn.inf.<br \/>\nmob: 091\/274-7581<br \/>\nmail:\u00a0<a href=\"mailto:info@centarscena.hr\">info@centarscena.hr<\/a><\/p>\n<div class=\"vsg-map\"><iframe align=\"left\" width=\"600\" height=\"380\" frameborder=\"0\" scrolling=\"no\" marginheight=\"0\" marginwidth=\"0\" src=\"https:\/\/maps.google.com\/maps?&q=Zagreb%2C%20%C4%8Cre%C5%A1njevec%2049&amp;cid=&amp;t=m&amp;center=Zagreb%2C%20%C4%8Cre%C5%A1njevec%2049&output=embed&z=12&iwloc=A&visual_refresh=true\"><\/iframe><\/div>\n","protected":false},"excerpt":{"rendered":"<p>ADRESA: TARA CENTAR d.o.o. \u010cre\u0161njevec 49, 10000 Zagreb telefon: ++385\/1\/2301546 mobitel (Mladen Hedjever): 091\/7812756 preferiramo kontakte putem e-maila; info@taracentar.hr tara.logopedija@gmail.com mladen.hedjever@gmail.com mo\u017eete nas kontaktirati i telefonom: radnim danom 8,30 &#8211; 15,00 Ukoliko nas ne mo\u017eete dobiti na telefon, nazovite na mobitel. Ako nismo u mogu\u0107nosti javiti se na Va\u0161 poziv, u\u010dinit \u0107emo to \u0161to je [&hellip;]<\/p>\n","protected":false},"author":1,"featured_media":0,"parent":0,"menu_order":0,"comment_status":"closed","ping_status":"closed","template":"","meta":[],"_links":{"self":[{"href":"https:\/\/www.taracentar.hr\/index.php?rest_route=\/wp\/v2\/pages\/16"}],"collection":[{"href":"https:\/\/www.taracentar.hr\/index.php?rest_route=\/wp\/v2\/pages"}],"about":[{"href":"https:\/\/www.taracentar.hr\/index.php?rest_route=\/wp\/v2\/types\/page"}],"author":[{"embeddable":true,"href":"https:\/\/www.taracentar.hr\/index.php?rest_route=\/wp\/v2\/users\/1"}],"replies":[{"embeddable":true,"href":"https:\/\/www.taracentar.hr\/index.php?rest_route=%2Fwp%2Fv2%2Fcomments&post=16"}],"version-history":[{"count":0,"href":"https:\/\/www.taracentar.hr\/index.php?rest_route=\/wp\/v2\/pages\/16\/revisions"}],"wp:attachment":[{"href":"https:\/\/www.taracentar.hr\/index.php?rest_route=%2Fwp%2Fv2%2Fmedia&parent=16"}],"curies":[{"name":"wp","href":"https:\/\/api.w.org\/{rel}","templated":true}]}}